{"id":14,"date":"2019-11-20T12:00:08","date_gmt":"2019-11-20T12:00:08","guid":{"rendered":"https:\/\/keldk.dk\/?page_id=14"},"modified":"2025-01-14T19:22:07","modified_gmt":"2025-01-14T18:22:07","slug":"profil","status":"publish","type":"page","link":"https:\/\/keldk.dk\/index.php\/profil\/","title":{"rendered":"Profil"},"content":{"rendered":"<p>[et_pb_section fb_built=&#8221;1&#8243; fullwidth=&#8221;on&#8221; _builder_version=&#8221;3.22&#8243; global_colors_info=&#8221;{}&#8221;][et_pb_fullwidth_slider _builder_version=&#8221;3.21.1&#8243; header_font=&#8221;||||||||&#8221; header_line_height=&#8221;1.3em&#8221; body_font=&#8221;||||||||&#8221; body_line_height=&#8221;1.4em&#8221; custom_margin=&#8221;0px|||0px&#8221; custom_padding=&#8221;88px|6px|88px|6px|true|true&#8221; auto=&#8221;on&#8221; global_colors_info=&#8221;{}&#8221;][et_pb_slide heading=&#8221;profil&#8221; button_link=&#8221;https:\/\/keldk.dk\/index.php\/tilmelding\/&#8221; _builder_version=&#8221;3.21.1&#8243; header_level=&#8221;h2&#8243; header_font=&#8221;Poppins|600||on|||||&#8221; header_font_size=&#8221;60px&#8221; header_line_height=&#8221;0.9em&#8221; body_font=&#8221;Poppins|200|||||||&#8221; body_font_size=&#8221;45px&#8221; background_color=&#8221;rgba(0,0,0,0.4)&#8221; use_background_color_gradient=&#8221;on&#8221; background_color_gradient_start=&#8221;#4281c3&#8243; background_color_gradient_end=&#8221;#e83223&#8243; background_color_gradient_direction=&#8221;59deg&#8221; background_image=&#8221;https:\/\/keldk.dk\/wp-content\/uploads\/2019\/11\/forside_bokse_02-1.jpg&#8221; background_blend=&#8221;multiply&#8221; custom_button=&#8221;on&#8221; button_text_size=&#8221;16px&#8221; button_bg_color=&#8221;#4281c3&#8243; button_border_width=&#8221;12px&#8221; button_border_color=&#8221;#4281c3&#8243; button_letter_spacing=&#8221;2px&#8221; button_font=&#8221;|700||on|||||&#8221; button_on_hover=&#8221;on&#8221; text_orientation=&#8221;left&#8221; link_option_url=&#8221;https:\/\/keldk.dk\/index.php\/tilmelding\/&#8221; header_font_size_tablet=&#8221;&#8221; header_font_size_phone=&#8221;40px&#8221; header_font_size_last_edited=&#8221;on|phone&#8221; global_colors_info=&#8221;{}&#8221; button_border_color__hover_enabled=&#8221;on&#8221; button_border_color__hover=&#8221;#4281c3&#8243; sticky_transition=&#8221;on&#8221;][\/et_pb_slide][\/et_pb_fullwidth_slider][\/et_pb_section][et_pb_section fb_built=&#8221;1&#8243; admin_label=&#8221;Our Story&#8221; _builder_version=&#8221;3.22&#8243; custom_padding=&#8221;48px|0px|48px|0px|true|false&#8221; custom_width_px__hover=&#8221;1080px&#8221; custom_width_px__hover_enabled=&#8221;1080px&#8221; custom_width_percent__hover=&#8221;80%&#8221; custom_width_percent__hover_enabled=&#8221;80%&#8221; global_colors_info=&#8221;{}&#8221; gutter_width__hover=&#8221;3&#8243; gutter_width__hover_enabled=&#8221;3&#8243; parallax_1__hover=&#8221;off&#8221; parallax_1__hover_enabled=&#8221;off&#8221; parallax_2__hover=&#8221;off&#8221; parallax_2__hover_enabled=&#8221;off&#8221; parallax_3__hover=&#8221;off&#8221; parallax_3__hover_enabled=&#8221;off&#8221; parallax_method_1__hover=&#8221;on&#8221; parallax_method_1__hover_enabled=&#8221;on&#8221; parallax_method_2__hover=&#8221;on&#8221; parallax_method_2__hover_enabled=&#8221;on&#8221; parallax_method_3__hover=&#8221;on&#8221; parallax_method_3__hover_enabled=&#8221;on&#8221; use_background_color_gradient__hover=&#8221;off&#8221; use_background_color_gradient__hover_enabled=&#8221;off&#8221; background_color_gradient_start__hover=&#8221;#2b87da&#8221; background_color_gradient_start__hover_enabled=&#8221;#2b87da&#8221; background_color_gradient_end__hover=&#8221;#29c4a9&#8243; background_color_gradient_end__hover_enabled=&#8221;#29c4a9&#8243; background_color_gradient_type__hover=&#8221;linear&#8221; background_color_gradient_type__hover_enabled=&#8221;linear&#8221; background_color_gradient_direction__hover=&#8221;180deg&#8221; background_color_gradient_direction__hover_enabled=&#8221;180deg&#8221; background_color_gradient_direction_radial__hover=&#8221;center&#8221; background_color_gradient_direction_radial__hover_enabled=&#8221;center&#8221; background_color_gradient_start_position__hover=&#8221;0%&#8221; background_color_gradient_start_position__hover_enabled=&#8221;0%&#8221; background_color_gradient_end_position__hover=&#8221;100%&#8221; background_color_gradient_end_position__hover_enabled=&#8221;100%&#8221; background_color_gradient_overlays_image__hover=&#8221;off&#8221; background_color_gradient_overlays_image__hover_enabled=&#8221;off&#8221; parallax__hover=&#8221;off&#8221; parallax__hover_enabled=&#8221;off&#8221; parallax_method__hover=&#8221;on&#8221; parallax_method__hover_enabled=&#8221;on&#8221; background_size__hover=&#8221;cover&#8221; background_size__hover_enabled=&#8221;cover&#8221; background_position__hover=&#8221;center&#8221; background_position__hover_enabled=&#8221;center&#8221; background_repeat__hover=&#8221;no-repeat&#8221; background_repeat__hover_enabled=&#8221;no-repeat&#8221; background_blend__hover=&#8221;normal&#8221; background_blend__hover_enabled=&#8221;normal&#8221; allow_player_pause__hover=&#8221;off&#8221; allow_player_pause__hover_enabled=&#8221;off&#8221; background_video_pause_outside_viewport__hover=&#8221;on&#8221; background_video_pause_outside_viewport__hover_enabled=&#8221;on&#8221; inner_shadow__hover=&#8221;off&#8221; inner_shadow__hover_enabled=&#8221;off&#8221; make_fullwidth__hover=&#8221;off&#8221; make_fullwidth__hover_enabled=&#8221;off&#8221; use_custom_width__hover=&#8221;off&#8221; use_custom_width__hover_enabled=&#8221;off&#8221; width_unit__hover=&#8221;on&#8221; width_unit__hover_enabled=&#8221;on&#8221; make_equal__hover=&#8221;off&#8221; make_equal__hover_enabled=&#8221;off&#8221; use_custom_gutter__hover=&#8221;off&#8221; use_custom_gutter__hover_enabled=&#8221;off&#8221; border_radii__hover=&#8221;on||||&#8221; border_radii__hover_enabled=&#8221;on||||&#8221; box_shadow_style__hover=&#8221;none&#8221; box_shadow_style__hover_enabled=&#8221;none&#8221; box_shadow_color__hover=&#8221;rgba(0,0,0,0.3)&#8221; box_shadow_color__hover_enabled=&#8221;rgba(0,0,0,0.3)&#8221; max_width__hover=&#8221;100%&#8221; max_width__hover_enabled=&#8221;100%&#8221; filter_hue_rotate__hover=&#8221;0deg&#8221; filter_hue_rotate__hover_enabled=&#8221;0deg&#8221; filter_saturate__hover=&#8221;100%&#8221; filter_saturate__hover_enabled=&#8221;100%&#8221; filter_brightness__hover=&#8221;100%&#8221; filter_brightness__hover_enabled=&#8221;100%&#8221; filter_contrast__hover=&#8221;100%&#8221; filter_contrast__hover_enabled=&#8221;100%&#8221; filter_invert__hover=&#8221;0%&#8221; filter_invert__hover_enabled=&#8221;0%&#8221; filter_sepia__hover=&#8221;0%&#8221; filter_sepia__hover_enabled=&#8221;0%&#8221; filter_opacity__hover=&#8221;100%&#8221; filter_opacity__hover_enabled=&#8221;100%&#8221; filter_blur__hover=&#8221;0px&#8221; filter_blur__hover_enabled=&#8221;0px&#8221; mix_blend_mode__hover=&#8221;normal&#8221; mix_blend_mode__hover_enabled=&#8221;normal&#8221; animation_style__hover=&#8221;none&#8221; animation_style__hover_enabled=&#8221;none&#8221; animation_repeat__hover=&#8221;once&#8221; animation_repeat__hover_enabled=&#8221;once&#8221; animation_direction__hover=&#8221;center&#8221; animation_direction__hover_enabled=&#8221;center&#8221; animation_duration__hover=&#8221;1000ms&#8221; animation_duration__hover_enabled=&#8221;1000ms&#8221; animation_delay__hover=&#8221;0ms&#8221; animation_delay__hover_enabled=&#8221;0ms&#8221; animation_intensity_slide__hover=&#8221;50%&#8221; animation_intensity_slide__hover_enabled=&#8221;50%&#8221; animation_intensity_zoom__hover=&#8221;50%&#8221; animation_intensity_zoom__hover_enabled=&#8221;50%&#8221; animation_intensity_flip__hover=&#8221;50%&#8221; animation_intensity_flip__hover_enabled=&#8221;50%&#8221; animation_intensity_fold__hover=&#8221;50%&#8221; animation_intensity_fold__hover_enabled=&#8221;50%&#8221; animation_intensity_roll__hover=&#8221;50%&#8221; animation_intensity_roll__hover_enabled=&#8221;50%&#8221; animation_starting_opacity__hover=&#8221;0%&#8221; animation_starting_opacity__hover_enabled=&#8221;0%&#8221; animation_speed_curve__hover=&#8221;ease-in-out&#8221; animation_speed_curve__hover_enabled=&#8221;ease-in-out&#8221; hover_transition_duration__hover=&#8221;300ms&#8221; hover_transition_duration__hover_enabled=&#8221;300ms&#8221; hover_transition_delay__hover=&#8221;0ms&#8221; hover_transition_delay__hover_enabled=&#8221;0ms&#8221; hover_transition_speed_curve__hover=&#8221;ease&#8221; hover_transition_speed_curve__hover_enabled=&#8221;ease&#8221;][et_pb_row _builder_version=&#8221;3.25&#8243; custom_padding=&#8221;27px|0px|10px|0px|false|false&#8221; global_colors_info=&#8221;{}&#8221;][et_pb_column type=&#8221;4_4&#8243; _builder_version=&#8221;3.25&#8243; custom_padding=&#8221;|||&#8221; global_colors_info=&#8221;{}&#8221; custom_padding__hover=&#8221;|||&#8221;][et_pb_text _builder_version=&#8221;4.14.9&#8243; text_font=&#8221;||||||||&#8221; text_font_size=&#8221;16px&#8221; text_line_height=&#8221;1.8em&#8221; header_font=&#8221;|800||on|||||&#8221; header_line_height=&#8221;1.4em&#8221; animation_style=&#8221;fold&#8221; animation_direction=&#8221;bottom&#8221; animation_intensity_fold=&#8221;10%&#8221; hover_enabled=&#8221;0&#8243; header_font_size_tablet=&#8221;&#8221; header_font_size_phone=&#8221;20px&#8221; header_font_size_last_edited=&#8221;on|phone&#8221; locked=&#8221;off&#8221; global_colors_info=&#8221;{}&#8221; header_font_size__hover=&#8221;30px&#8221; header_font_size__hover_enabled=&#8221;30px&#8221; header_letter_spacing__hover=&#8221;0px&#8221; header_letter_spacing__hover_enabled=&#8221;0px&#8221; header_text_shadow_style__hover=&#8221;none&#8221; header_text_shadow_style__hover_enabled=&#8221;none&#8221; header_text_shadow_color__hover=&#8221;rgba(0,0,0,0.4)&#8221; header_text_shadow_color__hover_enabled=&#8221;rgba(0,0,0,0.4)&#8221; header_2_font_size__hover=&#8221;26px&#8221; header_2_font_size__hover_enabled=&#8221;26px&#8221; header_2_letter_spacing__hover=&#8221;0px&#8221; header_2_letter_spacing__hover_enabled=&#8221;0px&#8221; header_2_line_height__hover=&#8221;1em&#8221; header_2_line_height__hover_enabled=&#8221;1em&#8221; header_2_text_shadow_style__hover=&#8221;none&#8221; header_2_text_shadow_style__hover_enabled=&#8221;none&#8221; header_2_text_shadow_color__hover=&#8221;rgba(0,0,0,0.4)&#8221; header_2_text_shadow_color__hover_enabled=&#8221;rgba(0,0,0,0.4)&#8221; header_3_font_size__hover=&#8221;22px&#8221; header_3_font_size__hover_enabled=&#8221;22px&#8221; header_3_letter_spacing__hover=&#8221;0px&#8221; header_3_letter_spacing__hover_enabled=&#8221;0px&#8221; header_3_line_height__hover=&#8221;1em&#8221; header_3_line_height__hover_enabled=&#8221;1em&#8221; header_3_text_shadow_style__hover=&#8221;none&#8221; header_3_text_shadow_style__hover_enabled=&#8221;none&#8221; header_3_text_shadow_color__hover=&#8221;rgba(0,0,0,0.4)&#8221; header_3_text_shadow_color__hover_enabled=&#8221;rgba(0,0,0,0.4)&#8221; header_4_font_size__hover=&#8221;18px&#8221; header_4_font_size__hover_enabled=&#8221;18px&#8221; header_4_letter_spacing__hover=&#8221;0px&#8221; header_4_letter_spacing__hover_enabled=&#8221;0px&#8221; header_4_line_height__hover=&#8221;1em&#8221; header_4_line_height__hover_enabled=&#8221;1em&#8221; header_4_text_shadow_style__hover=&#8221;none&#8221; header_4_text_shadow_style__hover_enabled=&#8221;none&#8221; header_4_text_shadow_color__hover=&#8221;rgba(0,0,0,0.4)&#8221; header_4_text_shadow_color__hover_enabled=&#8221;rgba(0,0,0,0.4)&#8221; header_5_font_size__hover=&#8221;16px&#8221; header_5_font_size__hover_enabled=&#8221;16px&#8221; header_5_letter_spacing__hover=&#8221;0px&#8221; header_5_letter_spacing__hover_enabled=&#8221;0px&#8221; header_5_line_height__hover=&#8221;1em&#8221; header_5_line_height__hover_enabled=&#8221;1em&#8221; header_5_text_shadow_style__hover=&#8221;none&#8221; header_5_text_shadow_style__hover_enabled=&#8221;none&#8221; header_5_text_shadow_color__hover=&#8221;rgba(0,0,0,0.4)&#8221; header_5_text_shadow_color__hover_enabled=&#8221;rgba(0,0,0,0.4)&#8221; header_6_font_size__hover=&#8221;14px&#8221; header_6_font_size__hover_enabled=&#8221;14px&#8221; header_6_letter_spacing__hover=&#8221;0px&#8221; header_6_letter_spacing__hover_enabled=&#8221;0px&#8221; header_6_line_height__hover=&#8221;1em&#8221; header_6_line_height__hover_enabled=&#8221;1em&#8221; header_6_text_shadow_style__hover=&#8221;none&#8221; header_6_text_shadow_style__hover_enabled=&#8221;none&#8221; header_6_text_shadow_color__hover=&#8221;rgba(0,0,0,0.4)&#8221; header_6_text_shadow_color__hover_enabled=&#8221;rgba(0,0,0,0.4)&#8221; sticky_enabled=&#8221;0&#8243;]<\/p>\n<h1><span>K\u00f8reskolen blev startet af Keld Kortegaard i 1980, og drives i dag som et I\/S selskab som ejes af Bj\u00f8rn Poulsen, Carsten Kortegaard og Keld Kortegaard.<\/span><\/h1>\n<p>\u00d8ens center for k\u00f8rekort er ikke et sted hvor et k\u00f8rekort er en \u201chyldevare\u201d, men er en topmoderne undervisningssted, hvor f\u00e6rdselssikkerheden, og dermed seri\u00f8siteten i undervisningen er en m\u00e6rkevare. Centret er ogs\u00e5 et sted hvor du kan repetere tidligere lektioner, logge dig p\u00e5 nettet for at l\u00e6se lektier, eller blot hygge dig i vores teori caf\u00e9, sammen med vennerne, over en kop kaffe.<\/p>\n<p>Det bedste, og i de fleste tilf\u00e6lde ogs\u00e5 det billigste k\u00f8rekort f\u00e5r du derfor hvor undervisningen er bedst. En undervisning der er professionel og m\u00e5lrettet s\u00e5 du skal have s\u00e5 f\u00e5 ekstra k\u00f8retimer (ud over de lovbefalede) som muligt, men ikke mindst ogs\u00e5 en undervisning der g\u00f8r at dumpeprocenten bliver s\u00e5 lav som mulig.<\/p>\n<p><span>Der er tilsluttet 4 faste undervisere til k\u00f8reskolen: Keld Kortegaard som har v\u00e6ret k\u00f8rel\u00e6rer i 45 \u00e5r, Carsten Kortegaard som har v\u00e6ret k\u00f8rel\u00e6rer i 27 \u00e5r, Bj\u00f8rn Poulsen som har v\u00e6ret k\u00f8rel\u00e6rer i 23 \u00e5r, Keld Nielsen som har v\u00e6ret k\u00f8rel\u00e6rer i 4 \u00e5r og herudover underviser i f\u00f8rstehj\u00e6lp. Du vil derudover m\u00f8de Britta som er vores kontor assistent<\/span><br \/><span>Vi mener vi har et st\u00e6rkt team af meget rutinerede undervisere, hvor du selv bestemmer hvem der skal v\u00e6re din personlige k\u00f8rel\u00e6rer hvis du \u00f8nsker dette.<\/span><\/p>\n<p>[\/et_pb_text][\/et_pb_column][\/et_pb_row][et_pb_row column_structure=&#8221;1_6,1_6,1_6,1_6,1_6,1_6&#8243; use_custom_gutter=&#8221;on&#8221; gutter_width=&#8221;2&#8243; _builder_version=&#8221;3.25&#8243; global_colors_info=&#8221;{}&#8221;][et_pb_column type=&#8221;1_6&#8243; _builder_version=&#8221;3.25&#8243; custom_padding=&#8221;|||&#8221; global_colors_info=&#8221;{}&#8221; custom_padding__hover=&#8221;|||&#8221;][et_pb_blurb title=&#8221;Keld Kortegaard&#8221; image=&#8221;https:\/\/keldk.dk\/wp-content\/uploads\/2023\/11\/aKeld1.jpeg&#8221; _builder_version=&#8221;4.14.9&#8243; header_font=&#8221;|800||on|||||&#8221; header_letter_spacing=&#8221;1px&#8221; global_colors_info=&#8221;{}&#8221;]<\/p>\n<p><em>K\u00f8rel\u00e6rer<\/em><\/p>\n<p><span>+45 40 35 40 69<\/span><\/p>\n<p>[\/et_pb_blurb][\/et_pb_column][et_pb_column type=&#8221;1_6&#8243; _builder_version=&#8221;3.25&#8243; custom_padding=&#8221;|||&#8221; global_colors_info=&#8221;{}&#8221; custom_padding__hover=&#8221;|||&#8221;][et_pb_blurb title=&#8221;Carsten Kortegaard&#8221; image=&#8221;https:\/\/keldk.dk\/wp-content\/uploads\/2023\/11\/aCarsten.jpeg&#8221; _builder_version=&#8221;4.14.9&#8243; header_font=&#8221;|800||on|||||&#8221; header_letter_spacing=&#8221;1px&#8221; global_colors_info=&#8221;{}&#8221;]<\/p>\n<p><em>K\u00f8rel\u00e6rer<\/em><\/p>\n<p><span>+45 21 42 40 69<\/span><\/p>\n<p>[\/et_pb_blurb][\/et_pb_column][et_pb_column type=&#8221;1_6&#8243; _builder_version=&#8221;3.25&#8243; custom_padding=&#8221;|||&#8221; global_colors_info=&#8221;{}&#8221; custom_padding__hover=&#8221;|||&#8221;][et_pb_blurb title=&#8221;Bj\u00f8rn Poulsen&#8221; image=&#8221;https:\/\/keldk.dk\/wp-content\/uploads\/2023\/11\/aBjoern.jpeg&#8221; _builder_version=&#8221;4.14.9&#8243; header_font=&#8221;|800||on|||||&#8221; header_letter_spacing=&#8221;1px&#8221; global_colors_info=&#8221;{}&#8221;]<\/p>\n<p><em>K\u00f8rel\u00e6rer<\/em><\/p>\n<p><span>+45 40 13 43 23<br \/><\/span><\/p>\n<p>[\/et_pb_blurb][\/et_pb_column][et_pb_column type=&#8221;1_6&#8243; _builder_version=&#8221;3.25&#8243; custom_padding=&#8221;|||&#8221; global_colors_info=&#8221;{}&#8221; custom_padding__hover=&#8221;|||&#8221;][et_pb_blurb title=&#8221;Keld %222%22 Nielsen&#8221; image=&#8221;https:\/\/keldk.dk\/wp-content\/uploads\/2023\/11\/aKeld2.jpeg&#8221; _builder_version=&#8221;4.14.9&#8243; header_font=&#8221;|800||on|||||&#8221; header_letter_spacing=&#8221;1px&#8221; custom_padding=&#8221;||0px|||&#8221; global_colors_info=&#8221;{}&#8221;]<\/p>\n<p>K\u00f8rel\u00e6rer<\/p>\n<p><span>+45 24 23 67 03<br \/><\/span><\/p>\n<p>[\/et_pb_blurb][\/et_pb_column][et_pb_column type=&#8221;1_6&#8243; _builder_version=&#8221;4.14.9&#8243; _module_preset=&#8221;default&#8221; global_colors_info=&#8221;{}&#8221;][et_pb_blurb title=&#8221;Britta Kortegaard&#8221; image=&#8221;https:\/\/keldk.dk\/wp-content\/uploads\/2023\/11\/aBritta.jpg&#8221; _builder_version=&#8221;4.14.9&#8243; header_font=&#8221;|800||on|||||&#8221; header_letter_spacing=&#8221;1px&#8221; global_colors_info=&#8221;{}&#8221;]<\/p>\n<p><em>Kontor assistent<\/em><\/p>\n<p><span>+45 21 85 40 69<\/span><\/p>\n<p>[\/et_pb_blurb][\/et_pb_column][et_pb_column type=&#8221;1_6&#8243; _builder_version=&#8221;3.25&#8243; custom_padding=&#8221;|||&#8221; global_colors_info=&#8221;{}&#8221; custom_padding__hover=&#8221;|||&#8221;][\/et_pb_column][\/et_pb_row][\/et_pb_section][et_pb_section fb_built=&#8221;1&#8243; disabled_on=&#8221;on|on|on&#8221; admin_label=&#8221;Footer&#8221; _builder_version=&#8221;3.21.1&#8243; background_color=&#8221;#4281c3&#8243; background_color_gradient_direction=&#8221;70deg&#8221; custom_padding=&#8221;54px|0px|54px|0px|false|false&#8221; disabled=&#8221;on&#8221; global_module=&#8221;230&#8243; saved_tabs=&#8221;all&#8221; global_colors_info=&#8221;{}&#8221;][et_pb_row column_structure=&#8221;1_2,1_2&#8243; _builder_version=&#8221;3.25&#8243; global_colors_info=&#8221;{}&#8221;][et_pb_column type=&#8221;1_2&#8243; _builder_version=&#8221;3.25&#8243; custom_padding=&#8221;|||&#8221; global_colors_info=&#8221;{}&#8221; custom_padding__hover=&#8221;|||&#8221;][\/et_pb_column][et_pb_column type=&#8221;1_2&#8243; _builder_version=&#8221;3.25&#8243; custom_padding=&#8221;|||&#8221; global_colors_info=&#8221;{}&#8221; custom_padding__hover=&#8221;|||&#8221;][et_pb_blurb title=&#8221;keld@keldk.dk&#8221; use_icon=&#8221;on&#8221; font_icon=&#8221;&#xe076;||divi||400&#8243; icon_color=&#8221;#4281c3&#8243; image_icon_background_color=&#8221;#ffffff&#8221; icon_placement=&#8221;left&#8221; image_icon_width=&#8221;16px&#8221; content_max_width=&#8221;1100px&#8221; _builder_version=&#8221;4.13.0&#8243; header_font=&#8221;|700|||||||&#8221; header_font_size=&#8221;16px&#8221; header_line_height=&#8221;1.6em&#8221; body_font=&#8221;||||||||&#8221; image_icon_custom_padding=&#8221;8px|8px|8px|8px|false|false&#8221; background_layout=&#8221;dark&#8221; animation_style=&#8221;zoom&#8221; animation_intensity_zoom=&#8221;10%&#8221; animation=&#8221;off&#8221; border_radii_image=&#8221;on|100%|100%|100%|100%&#8221; icon_font_size=&#8221;16px&#8221; use_circle=&#8221;on&#8221; circle_color=&#8221;#ffffff&#8221; global_colors_info=&#8221;{}&#8221; image_icon_background_color__sticky_enabled=&#8221;#000000&#8243; image_icon_background_color__sticky=&#8221;#000000&#8243;][\/et_pb_blurb][et_pb_blurb title=&#8221;+45 4035 4069&#8243; use_icon=&#8221;on&#8221; font_icon=&#8221;&#xe090;||divi||400&#8243; icon_color=&#8221;#4281c3&#8243; image_icon_background_color=&#8221;#ffffff&#8221; icon_placement=&#8221;left&#8221; image_icon_width=&#8221;16px&#8221; content_max_width=&#8221;1100px&#8221; _builder_version=&#8221;4.13.0&#8243; header_font=&#8221;|700|||||||&#8221; header_font_size=&#8221;16px&#8221; header_line_height=&#8221;1.6em&#8221; body_font=&#8221;||||||||&#8221; image_icon_custom_padding=&#8221;8px|8px|8px|8px|false|false&#8221; background_layout=&#8221;dark&#8221; animation_style=&#8221;zoom&#8221; animation_intensity_zoom=&#8221;10%&#8221; animation=&#8221;off&#8221; border_radii_image=&#8221;on|100%|100%|100%|100%&#8221; icon_font_size=&#8221;16px&#8221; use_circle=&#8221;on&#8221; circle_color=&#8221;#ffffff&#8221; global_colors_info=&#8221;{}&#8221; image_icon_background_color__sticky_enabled=&#8221;#000000&#8243; image_icon_background_color__sticky=&#8221;#000000&#8243;][\/et_pb_blurb][et_pb_blurb title=&#8221;Els\u00f8vej 10 , 7900 Nyk\u00f8bing Mors &#8221; use_icon=&#8221;on&#8221; font_icon=&#8221;&#xe081;||divi||400&#8243; icon_color=&#8221;#4281c3&#8243; image_icon_background_color=&#8221;#ffffff&#8221; icon_placement=&#8221;left&#8221; image_icon_width=&#8221;16px&#8221; content_max_width=&#8221;1100px&#8221; _builder_version=&#8221;4.13.0&#8243; header_font=&#8221;|700|||||||&#8221; header_font_size=&#8221;16px&#8221; header_line_height=&#8221;1.6em&#8221; body_font=&#8221;||||||||&#8221; image_icon_custom_padding=&#8221;8px|8px|8px|8px|false|false&#8221; background_layout=&#8221;dark&#8221; animation_style=&#8221;zoom&#8221; animation_intensity_zoom=&#8221;10%&#8221; animation=&#8221;off&#8221; border_radii_image=&#8221;on|100%|100%|100%|100%&#8221; icon_font_size=&#8221;16px&#8221; use_circle=&#8221;on&#8221; circle_color=&#8221;#ffffff&#8221; global_colors_info=&#8221;{}&#8221; image_icon_background_color__sticky_enabled=&#8221;#000000&#8243; image_icon_background_color__sticky=&#8221;#000000&#8243;][\/et_pb_blurb][\/et_pb_column][\/et_pb_row][\/et_pb_section][et_pb_section fb_built=&#8221;1&#8243; _builder_version=&#8221;3.21.1&#8243; custom_padding=&#8221;0|0px|0|0px|true|false&#8221; global_module=&#8221;232&#8243; saved_tabs=&#8221;all&#8221; global_colors_info=&#8221;{}&#8221;][et_pb_row column_structure=&#8221;1_2,1_2&#8243; _builder_version=&#8221;3.25&#8243; custom_padding=&#8221;27px|0px|28px|0px|false|false&#8221; global_colors_info=&#8221;{}&#8221;][et_pb_column type=&#8221;1_2&#8243; _builder_version=&#8221;3.25&#8243; custom_padding=&#8221;|||&#8221; global_colors_info=&#8221;{}&#8221; custom_padding__hover=&#8221;|||&#8221;][et_pb_text _builder_version=&#8221;3.27.4&#8243; text_font=&#8221;Poppins||||||||&#8221; text_text_color=&#8221;#000000&#8243; text_orientation=&#8221;center&#8221; custom_padding=&#8221;|||0px&#8221; custom_padding_tablet=&#8221;&#8221; custom_padding_phone=&#8221;|||0px&#8221; custom_padding_last_edited=&#8221;on|desktop&#8221; global_colors_info=&#8221;{}&#8221;]<\/p>\n<p><span>\u00a9 <strong>Keld&#8217;s K\u00f8reskole<\/strong>. All rights reserved. 2019<\/span><\/p>\n<p>[\/et_pb_text][\/et_pb_column][et_pb_column type=&#8221;1_2&#8243; _builder_version=&#8221;3.25&#8243; custom_padding=&#8221;|||&#8221; global_colors_info=&#8221;{}&#8221; custom_padding__hover=&#8221;|||&#8221;][et_pb_text _builder_version=&#8221;3.27.4&#8243; text_font=&#8221;Poppins||||||||&#8221; text_text_color=&#8221;#000000&#8243; text_orientation=&#8221;center&#8221; global_colors_info=&#8221;{}&#8221;]<\/p>\n<p>Web design: <strong>RADESIGN\u00a0<\/strong> CMS &amp; Programming: <strong>KCIT<\/strong><\/p>\n<p>[\/et_pb_text][\/et_pb_column][\/et_pb_row][\/et_pb_section]<\/p>\n","protected":false},"excerpt":{"rendered":"<p>K\u00f8reskolen blev startet af Keld Kortegaard i 1980, og drives i dag som et I\/S selskab som ejes af Bj\u00f8rn Poulsen, Carsten Kortegaard og Keld Kortegaard. \u00d8ens center for k\u00f8rekort er ikke et sted hvor et k\u00f8rekort er en \u201chyldevare\u201d, men er en topmoderne undervisningssted, hvor f\u00e6rdselssikkerheden, og dermed seri\u00f8siteten i undervisningen er en m\u00e6rkevare. [&hellip;]<\/p>\n","protected":false},"author":2,"featured_media":0,"parent":0,"menu_order":0,"comment_status":"closed","ping_status":"closed","template":"","meta":{"_et_pb_use_builder":"on","_et_pb_old_content":"<!-- wp:divi\/placeholder \/-->","_et_gb_content_width":"","footnotes":""},"_links":{"self":[{"href":"https:\/\/keldk.dk\/index.php\/wp-json\/wp\/v2\/pages\/14"}],"collection":[{"href":"https:\/\/keldk.dk\/index.php\/wp-json\/wp\/v2\/pages"}],"about":[{"href":"https:\/\/keldk.dk\/index.php\/wp-json\/wp\/v2\/types\/page"}],"author":[{"embeddable":true,"href":"https:\/\/keldk.dk\/index.php\/wp-json\/wp\/v2\/users\/2"}],"replies":[{"embeddable":true,"href":"https:\/\/keldk.dk\/index.php\/wp-json\/wp\/v2\/comments?post=14"}],"version-history":[{"count":32,"href":"https:\/\/keldk.dk\/index.php\/wp-json\/wp\/v2\/pages\/14\/revisions"}],"predecessor-version":[{"id":1758,"href":"https:\/\/keldk.dk\/index.php\/wp-json\/wp\/v2\/pages\/14\/revisions\/1758"}],"wp:attachment":[{"href":"https:\/\/keldk.dk\/index.php\/wp-json\/wp\/v2\/media?parent=14"}],"curies":[{"name":"wp","href":"https:\/\/api.w.org\/{rel}","templated":true}]}}